{"id":27,"date":"2021-02-14T09:06:49","date_gmt":"2021-02-14T12:06:49","guid":{"rendered":"http:\/\/simoesambiental.com.br\/?page_id=27"},"modified":"2024-01-17T11:53:36","modified_gmt":"2024-01-17T14:53:36","slug":"sobre-nos","status":"publish","type":"page","link":"http:\/\/simoesambiental.com.br\/index.php\/sobre-nos\/","title":{"rendered":"Sobre N\u00f3s"},"content":{"rendered":"\t\t<div data-elementor-type=\"wp-page\" data-elementor-id=\"27\" class=\"elementor elementor-27\" data-elementor-settings=\"[]\">\n\t\t\t\t\t\t\t<div class=\"elementor-section-wrap\">\n\t\t\t\t\t\t\t<section class=\"elementor-section elementor-top-section elementor-element elementor-element-0ae9ecd elementor-section-boxed elementor-section-height-default elementor-section-height-default\" data-id=\"0ae9ecd\" data-element_type=\"section\" data-settings=\"{&quot;background_background&quot;:&quot;classic&quot;}\">\n\t\t\t\t\t\t\t<div class=\"elementor-background-overlay\"><\/div>\n\t\t\t\t\t\t\t<div class=\"elementor-container elementor-column-gap-default\">\n\t\t\t\t\t<div class=\"elementor-column elementor-col-100 elementor-top-column elementor-element elementor-element-cd6c414\" data-id=\"cd6c414\" data-element_type=\"column\">\n\t\t\t<div class=\"elementor-widget-wrap elementor-element-populated\">\n\t\t\t\t\t\t\t\t<div class=\"elementor-element elementor-element-be4ffcf elementor-widget elementor-widget-text-editor\" data-id=\"be4ffcf\" data-element_type=\"widget\" data-widget_type=\"text-editor.default\">\n\t\t\t\t<div class=\"elementor-widget-container\">\n\t\t\t\t\t<div class=\"elementor-text-editor elementor-clearfix\"><p><strong>Quem somos:<\/strong><\/p><p>Fundada em 2013 a <strong>Sim\u00f5es Gerenciamento de Res\u00edduos, <\/strong>atua no segmento de coleta e destina\u00e7\u00e3o de res\u00edduos, desenvolvendo a presta\u00e7\u00e3o de servi\u00e7os na \u00e1rea ambiental, buscando assim o mesmo objetivo de respeito e sustentabilidade ao Meio Ambiente. Transformando as quest\u00f5es ambientais do Cliente, at\u00e9 ent\u00e3o vistas como problemas, em solu\u00e7\u00f5es sustent\u00e1veis ou em oportunidades, ressaltando a import\u00e2ncia da LEGISLA\u00c7\u00c3O AMBIENTAL e da implementa\u00e7\u00e3o de um SISTEMA DE GEST\u00c3O AMBIENTAL, somos devidamente licenciados pelos \u00f3rg\u00e3os ambientais respons\u00e1veis (municipais e estaduais), tendo como principal objetivo \u00e9 a atua\u00e7\u00e3o constante em DEFESA DO MEIO AMBIENTE para uma MELHOR QUALIDADE DE VIDA e trabalhando sempre com pontualidade e efici\u00eancias em nossas atividades, garantindo a satisfa\u00e7\u00e3o e fidelidade dos nossos clientes com os servi\u00e7os prestados. Em crescente expans\u00e3o vem gerando novos empregos diretos e indiretos.<\/p><\/div>\n\t\t\t\t<\/div>\n\t\t\t\t<\/div>\n\t\t\t\t<div class=\"elementor-element elementor-element-59f0081 elementor-arrows-position-inside elementor-widget elementor-widget-image-carousel\" data-id=\"59f0081\" data-element_type=\"widget\" data-settings=\"{&quot;navigation&quot;:&quot;arrows&quot;,&quot;pause_on_hover&quot;:&quot;no&quot;,&quot;pause_on_interaction&quot;:&quot;no&quot;,&quot;autoplay_speed&quot;:2000,&quot;speed&quot;:2000,&quot;autoplay&quot;:&quot;yes&quot;,&quot;infinite&quot;:&quot;yes&quot;}\" data-widget_type=\"image-carousel.default\">\n\t\t\t\t<div class=\"elementor-widget-container\">\n\t\t\t\t\t<div class=\"elementor-image-carousel-wrapper swiper-container\" dir=\"ltr\">\n\t\t\t<div class=\"elementor-image-carousel swiper-wrapper\">\n\t\t\t\t<div class=\"swiper-slide\"><figure class=\"swiper-slide-inner\"><img class=\"swiper-slide-image\" src=\"http:\/\/simoesambiental.com.br\/wp-content\/uploads\/2021\/02\/WhatsApp-Image-2021-02-16-at-23.35.49-1-300x225.jpeg\" alt=\"WhatsApp Image 2021-02-16 at 23.35.49 (1)\" \/><\/figure><\/div><div class=\"swiper-slide\"><figure class=\"swiper-slide-inner\"><img class=\"swiper-slide-image\" src=\"http:\/\/simoesambiental.com.br\/wp-content\/uploads\/2021\/02\/WhatsApp-Image-2021-02-16-at-23.35.49-300x225.jpeg\" alt=\"WhatsApp Image 2021-02-16 at 23.35.49\" \/><\/figure><\/div><div class=\"swiper-slide\"><figure class=\"swiper-slide-inner\"><img class=\"swiper-slide-image\" src=\"http:\/\/simoesambiental.com.br\/wp-content\/uploads\/2021\/02\/WhatsApp-Image-2021-02-16-at-23.35.50-1-300x225.jpeg\" alt=\"WhatsApp Image 2021-02-16 at 23.35.50 (1)\" \/><\/figure><\/div><div class=\"swiper-slide\"><figure class=\"swiper-slide-inner\"><img class=\"swiper-slide-image\" src=\"http:\/\/simoesambiental.com.br\/wp-content\/uploads\/2021\/02\/WhatsApp-Image-2021-02-16-at-23.35.50-2-300x225.jpeg\" alt=\"WhatsApp Image 2021-02-16 at 23.35.50 (2)\" \/><\/figure><\/div><div class=\"swiper-slide\"><figure class=\"swiper-slide-inner\"><img class=\"swiper-slide-image\" src=\"http:\/\/simoesambiental.com.br\/wp-content\/uploads\/2021\/02\/WhatsApp-Image-2021-02-16-at-23.35.50-300x168.jpeg\" alt=\"WhatsApp Image 2021-02-16 at 23.35.50\" \/><\/figure><\/div><div class=\"swiper-slide\"><figure class=\"swiper-slide-inner\"><img class=\"swiper-slide-image\" src=\"http:\/\/simoesambiental.com.br\/wp-content\/uploads\/2021\/02\/WhatsApp-Image-2021-02-16-at-23.35.51-1-300x169.jpeg\" alt=\"WhatsApp Image 2021-02-16 at 23.35.51 (1)\" \/><\/figure><\/div><div class=\"swiper-slide\"><figure class=\"swiper-slide-inner\"><img class=\"swiper-slide-image\" src=\"http:\/\/simoesambiental.com.br\/wp-content\/uploads\/2021\/02\/WhatsApp-Image-2021-02-16-at-23.35.51-300x225.jpeg\" alt=\"WhatsApp Image 2021-02-16 at 23.35.51\" \/><\/figure><\/div><div class=\"swiper-slide\"><figure class=\"swiper-slide-inner\"><img class=\"swiper-slide-image\" src=\"http:\/\/simoesambiental.com.br\/wp-content\/uploads\/2021\/02\/WhatsApp-Image-2021-02-16-at-23.35.52-300x169.jpeg\" alt=\"WhatsApp Image 2021-02-16 at 23.35.52\" \/><\/figure><\/div><div class=\"swiper-slide\"><figure class=\"swiper-slide-inner\"><img class=\"swiper-slide-image\" src=\"http:\/\/simoesambiental.com.br\/wp-content\/uploads\/2021\/02\/WhatsApp-Image-2021-02-16-at-23.35.53-1-300x225.jpeg\" alt=\"WhatsApp Image 2021-02-16 at 23.35.53 (1)\" \/><\/figure><\/div><div class=\"swiper-slide\"><figure class=\"swiper-slide-inner\"><img class=\"swiper-slide-image\" src=\"http:\/\/simoesambiental.com.br\/wp-content\/uploads\/2021\/02\/WhatsApp-Image-2021-02-16-at-23.35.53-225x300.jpeg\" alt=\"WhatsApp Image 2021-02-16 at 23.35.53\" \/><\/figure><\/div><div class=\"swiper-slide\"><figure class=\"swiper-slide-inner\"><img class=\"swiper-slide-image\" src=\"http:\/\/simoesambiental.com.br\/wp-content\/uploads\/2021\/02\/WhatsApp-Image-2021-02-16-at-23.35.54-1-300x225.jpeg\" alt=\"WhatsApp Image 2021-02-16 at 23.35.54 (1)\" \/><\/figure><\/div><div class=\"swiper-slide\"><figure class=\"swiper-slide-inner\"><img class=\"swiper-slide-image\" src=\"http:\/\/simoesambiental.com.br\/wp-content\/uploads\/2021\/02\/WhatsApp-Image-2021-02-16-at-23.35.54-2-300x225.jpeg\" alt=\"WhatsApp Image 2021-02-16 at 23.35.54 (2)\" \/><\/figure><\/div><div class=\"swiper-slide\"><figure class=\"swiper-slide-inner\"><img class=\"swiper-slide-image\" src=\"http:\/\/simoesambiental.com.br\/wp-content\/uploads\/2021\/02\/WhatsApp-Image-2021-02-16-at-23.35.54-3-300x225.jpeg\" alt=\"WhatsApp Image 2021-02-16 at 23.35.54 (3)\" \/><\/figure><\/div><div class=\"swiper-slide\"><figure class=\"swiper-slide-inner\"><img class=\"swiper-slide-image\" src=\"http:\/\/simoesambiental.com.br\/wp-content\/uploads\/2021\/02\/WhatsApp-Image-2021-02-16-at-23.35.54-300x225.jpeg\" alt=\"WhatsApp Image 2021-02-16 at 23.35.54\" \/><\/figure><\/div><div class=\"swiper-slide\"><figure class=\"swiper-slide-inner\"><img class=\"swiper-slide-image\" src=\"http:\/\/simoesambiental.com.br\/wp-content\/uploads\/2021\/02\/WhatsApp-Image-2021-02-16-at-23.35.55-1-300x225.jpeg\" alt=\"\" \/><\/figure><\/div><div class=\"swiper-slide\"><figure class=\"swiper-slide-inner\"><img class=\"swiper-slide-image\" src=\"http:\/\/simoesambiental.com.br\/wp-content\/uploads\/2021\/02\/WhatsApp-Image-2021-02-16-at-23.35.55-300x225.jpeg\" alt=\"\" \/><\/figure><\/div><div class=\"swiper-slide\"><figure class=\"swiper-slide-inner\"><img class=\"swiper-slide-image\" src=\"http:\/\/simoesambiental.com.br\/wp-content\/uploads\/2021\/02\/20210216_134837-225x300.jpg\" alt=\"20210216_134837\" \/><\/figure><\/div>\t\t\t<\/div>\n\t\t\t\t\t\t\t\t\t\t\t\t\t\t\t\t<div class=\"elementor-swiper-button elementor-swiper-button-prev\">\n\t\t\t\t\t\t<i class=\"eicon-chevron-left\" aria-hidden=\"true\"><\/i>\n\t\t\t\t\t\t<span class=\"elementor-screen-only\">Anterior<\/span>\n\t\t\t\t\t<\/div>\n\t\t\t\t\t<div class=\"elementor-swiper-button elementor-swiper-button-next\">\n\t\t\t\t\t\t<i class=\"eicon-chevron-right\" aria-hidden=\"true\"><\/i>\n\t\t\t\t\t\t<span class=\"elementor-screen-only\">Pr\u00f3ximo<\/span>\n\t\t\t\t\t<\/div>\n\t\t\t\t\t\t\t\t\t<\/div>\n\t\t\t\t<\/div>\n\t\t\t\t<\/div>\n\t\t\t\t\t<\/div>\n\t\t<\/div>\n\t\t\t\t\t\t\t<\/div>\n\t\t<\/section>\n\t\t\t\t<section class=\"elementor-section elementor-top-section elementor-element elementor-element-7ad390a elementor-section-boxed elementor-section-height-default elementor-section-height-default\" data-id=\"7ad390a\" data-element_type=\"section\">\n\t\t\t\t\t\t<div class=\"elementor-container elementor-column-gap-default\">\n\t\t\t\t\t<div class=\"elementor-column elementor-col-33 elementor-top-column elementor-element elementor-element-7129bb4\" data-id=\"7129bb4\" data-element_type=\"column\">\n\t\t\t<div class=\"elementor-widget-wrap elementor-element-populated\">\n\t\t\t\t\t\t\t\t<div class=\"elementor-element elementor-element-a736211 elementor-widget elementor-widget-text-editor\" data-id=\"a736211\" data-element_type=\"widget\" data-widget_type=\"text-editor.default\">\n\t\t\t\t<div class=\"elementor-widget-container\">\n\t\t\t\t\t<div class=\"elementor-text-editor elementor-clearfix\"><p><strong>Nossa Miss\u00e3o:<\/strong><\/p><p>Oferecer e fornecer com excel\u00eancia solu\u00e7\u00f5es adequadas e definitivas para a destina\u00e7\u00e3o de res\u00edduos daquelas empresas que se preocupam com o futuro de nosso planeta, utilizando assim das melhores e mais recentes tecnologias dispon\u00edveis no mercado atual. Agregar valor e conscientiza\u00e7\u00e3o aos nossos colaboradores, parceiros, acionistas e a sociedade.<\/p><\/div>\n\t\t\t\t<\/div>\n\t\t\t\t<\/div>\n\t\t\t\t\t<\/div>\n\t\t<\/div>\n\t\t\t\t<div class=\"elementor-column elementor-col-33 elementor-top-column elementor-element elementor-element-20ad0e5\" data-id=\"20ad0e5\" data-element_type=\"column\">\n\t\t\t<div class=\"elementor-widget-wrap elementor-element-populated\">\n\t\t\t\t\t\t\t\t<div class=\"elementor-element elementor-element-41dbddd elementor-widget elementor-widget-text-editor\" data-id=\"41dbddd\" data-element_type=\"widget\" data-widget_type=\"text-editor.default\">\n\t\t\t\t<div class=\"elementor-widget-container\">\n\t\t\t\t\t<div class=\"elementor-text-editor elementor-clearfix\"><p><strong>Nossa Vis\u00e3o:<\/strong><strong>\u00a0<\/strong><\/p><p>Reconhecimento como empresa refer\u00eancia Nacional no Setor de Gest\u00e3o e gerenciamento de res\u00edduos industriais e reciclagem, com transpar\u00eancia e qualidade.<\/p><\/div>\n\t\t\t\t<\/div>\n\t\t\t\t<\/div>\n\t\t\t\t\t<\/div>\n\t\t<\/div>\n\t\t\t\t<div class=\"elementor-column elementor-col-33 elementor-top-column elementor-element elementor-element-09e4b2b\" data-id=\"09e4b2b\" data-element_type=\"column\">\n\t\t\t<div class=\"elementor-widget-wrap elementor-element-populated\">\n\t\t\t\t\t\t\t\t<div class=\"elementor-element elementor-element-55fd4d6 elementor-widget elementor-widget-text-editor\" data-id=\"55fd4d6\" data-element_type=\"widget\" data-widget_type=\"text-editor.default\">\n\t\t\t\t<div class=\"elementor-widget-container\">\n\t\t\t\t\t<div class=\"elementor-text-editor elementor-clearfix\"><p><strong>Nossos Valores<\/strong><\/p><p>Superar as expectativas de nossos clientes com desempenho, responsabilidade, comprometimento e \u00e9tica, formando assim parcerias duradouras.<\/p><\/div>\n\t\t\t\t<\/div>\n\t\t\t\t<\/div>\n\t\t\t\t\t<\/div>\n\t\t<\/div>\n\t\t\t\t\t\t\t<\/div>\n\t\t<\/section>\n\t\t\t\t<section class=\"elementor-section elementor-top-section elementor-element elementor-element-4a2ec6a elementor-section-boxed elementor-section-height-default elementor-section-height-default\" data-id=\"4a2ec6a\" data-element_type=\"section\">\n\t\t\t\t\t\t<div class=\"elementor-container elementor-column-gap-default\">\n\t\t\t\t\t<div class=\"elementor-column elementor-col-100 elementor-top-column elementor-element elementor-element-aff44e5\" data-id=\"aff44e5\" data-element_type=\"column\">\n\t\t\t<div class=\"elementor-widget-wrap elementor-element-populated\">\n\t\t\t\t\t\t\t\t<div class=\"elementor-element elementor-element-4c62e55 elementor-widget elementor-widget-image\" data-id=\"4c62e55\" data-element_type=\"widget\" data-widget_type=\"image.default\">\n\t\t\t\t<div class=\"elementor-widget-container\">\n\t\t\t\t\t<div class=\"elementor-image\">\n\t\t\t\t\t\t\t\t\t\t<img width=\"198\" height=\"208\" src=\"http:\/\/simoesambiental.com.br\/wp-content\/uploads\/2021\/11\/ISO9001-2015.png\" class=\"attachment-large size-large\" alt=\"\" loading=\"lazy\" \/>\t\t\t\t\t\t\t\t\t\t\t<\/div>\n\t\t\t\t<\/div>\n\t\t\t\t<\/div>\n\t\t\t\t<div class=\"elementor-element elementor-element-5f13e52 elementor-widget elementor-widget-heading\" data-id=\"5f13e52\" data-element_type=\"widget\" data-widget_type=\"heading.default\">\n\t\t\t\t<div class=\"elementor-widget-container\">\n\t\t\t<h2 class=\"elementor-heading-title elementor-size-default\">Empresa Certificada ISO 9001:2015 Gest\u00e3o da Qualidade<\/h2>\t\t<\/div>\n\t\t\t\t<\/div>\n\t\t\t\t\t<\/div>\n\t\t<\/div>\n\t\t\t\t\t\t\t<\/div>\n\t\t<\/section>\n\t\t\t\t<section class=\"elementor-section elementor-top-section elementor-element elementor-element-d27ad75 elementor-section-boxed elementor-section-height-default elementor-section-height-default\" data-id=\"d27ad75\" data-element_type=\"section\">\n\t\t\t\t\t\t<div class=\"elementor-container elementor-column-gap-default\">\n\t\t\t\t\t<div class=\"elementor-column elementor-col-100 elementor-top-column elementor-element elementor-element-287c060\" data-id=\"287c060\" data-element_type=\"column\">\n\t\t\t<div class=\"elementor-widget-wrap elementor-element-populated\">\n\t\t\t\t\t\t\t\t<div class=\"elementor-element elementor-element-12695bd elementor-widget elementor-widget-image\" data-id=\"12695bd\" data-element_type=\"widget\" data-widget_type=\"image.default\">\n\t\t\t\t<div class=\"elementor-widget-container\">\n\t\t\t\t\t<div class=\"elementor-image\">\n\t\t\t\t\t\t\t\t\t\t<img width=\"768\" height=\"1086\" src=\"http:\/\/simoesambiental.com.br\/wp-content\/uploads\/2024\/01\/Politica-da-qualidade-e-ambiental-768x1086.jpg\" class=\"attachment-medium_large size-medium_large\" alt=\"\" loading=\"lazy\" srcset=\"http:\/\/simoesambiental.com.br\/wp-content\/uploads\/2024\/01\/Politica-da-qualidade-e-ambiental-768x1086.jpg 768w, http:\/\/simoesambiental.com.br\/wp-content\/uploads\/2024\/01\/Politica-da-qualidade-e-ambiental-212x300.jpg 212w, http:\/\/simoesambiental.com.br\/wp-content\/uploads\/2024\/01\/Politica-da-qualidade-e-ambiental-724x1024.jpg 724w, http:\/\/simoesambiental.com.br\/wp-content\/uploads\/2024\/01\/Politica-da-qualidade-e-ambiental-1086x1536.jpg 1086w, http:\/\/simoesambiental.com.br\/wp-content\/uploads\/2024\/01\/Politica-da-qualidade-e-ambiental-1448x2048.jpg 1448w, http:\/\/simoesambiental.com.br\/wp-content\/uploads\/2024\/01\/Politica-da-qualidade-e-ambiental-scaled.jpg 1811w\" sizes=\"(max-width: 768px) 100vw, 768px\" \/>\t\t\t\t\t\t\t\t\t\t\t<\/div>\n\t\t\t\t<\/div>\n\t\t\t\t<\/div>\n\t\t\t\t\t<\/div>\n\t\t<\/div>\n\t\t\t\t\t\t\t<\/div>\n\t\t<\/section>\n\t\t\t\t\t\t<\/div>\n\t\t\t\t\t<\/div>\n\t\t","protected":false},"excerpt":{"rendered":"<p>Quem somos: Fundada em 2013 a Sim\u00f5es Gerenciamento de Res\u00edduos, atua no segmento de coleta e destina\u00e7\u00e3o de res\u00edduos, desenvolvendo a presta\u00e7\u00e3o de servi\u00e7os na \u00e1rea ambiental, buscando assim o mesmo objetivo de respeito e sustentabilidade ao Meio Ambiente. Transformando as quest\u00f5es ambientais do Cliente, at\u00e9 ent\u00e3o vistas como problemas, em solu\u00e7\u00f5es sustent\u00e1veis ou em &hellip;<\/p>\n<p class=\"read-more\"> <a class=\"\" href=\"http:\/\/simoesambiental.com.br\/index.php\/sobre-nos\/\"> <span class=\"screen-reader-text\">Sobre N\u00f3s<\/span> Leia mais &raquo;<\/a><\/p>\n","protected":false},"author":1,"featured_media":0,"parent":0,"menu_order":0,"comment_status":"closed","ping_status":"closed","template":"","meta":[],"_links":{"self":[{"href":"http:\/\/simoesambiental.com.br\/index.php\/wp-json\/wp\/v2\/pages\/27"}],"collection":[{"href":"http:\/\/simoesambiental.com.br\/index.php\/wp-json\/wp\/v2\/pages"}],"about":[{"href":"http:\/\/simoesambiental.com.br\/index.php\/wp-json\/wp\/v2\/types\/page"}],"author":[{"embeddable":true,"href":"http:\/\/simoesambiental.com.br\/index.php\/wp-json\/wp\/v2\/users\/1"}],"replies":[{"embeddable":true,"href":"http:\/\/simoesambiental.com.br\/index.php\/wp-json\/wp\/v2\/comments?post=27"}],"version-history":[{"count":20,"href":"http:\/\/simoesambiental.com.br\/index.php\/wp-json\/wp\/v2\/pages\/27\/revisions"}],"predecessor-version":[{"id":376,"href":"http:\/\/simoesambiental.com.br\/index.php\/wp-json\/wp\/v2\/pages\/27\/revisions\/376"}],"wp:attachment":[{"href":"http:\/\/simoesambiental.com.br\/index.php\/wp-json\/wp\/v2\/media?parent=27"}],"curies":[{"name":"wp","href":"https:\/\/api.w.org\/{rel}","templated":true}]}}